{"id":153,"date":"2021-11-10T16:29:36","date_gmt":"2021-11-10T19:29:36","guid":{"rendered":"https:\/\/www.ftdesignlab.com\/bsi\/?page_id=153"},"modified":"2025-08-04T06:31:36","modified_gmt":"2025-08-04T09:31:36","slug":"registrar-usuario","status":"publish","type":"page","link":"https:\/\/bancodesaberesiberoamericano.org\/es\/registrar-usuario\/","title":{"rendered":"REGISTRAR USUARIO"},"content":{"rendered":"\n<p><strong>1. REG\u00cdSTRATE:<\/strong><br>Recibir\u00e1s un correo electr\u00f3nico de confirmaci\u00f3n.<br><br><strong>2. ENTRAR EN WORDPRESS ADMIN:<\/strong><br>Con los datos registrados accede al WordPress para compartir proyectos en el siguiente enlace:<br><a href=\"https:\/\/bancodesaberesiberoamericano.org\/wpadmin\/\">https:\/\/bancodesaberesiberoamericano.org\/wpadmin\/<\/a><br><br>Una vez dentro del ADMIN puedes crear proyectos e instituciones con las siguientes recomendaciones:<br><br><strong>3. REGISTRA LA INSTITUCI\u00d3N:<\/strong><br>Registra la instituci\u00f3n o instituciones responsables del proyecto. <br>Para esto necesitas:<br>&#8211; Logo en formato PNG o JPG<br>&#8211; URL de la instituci\u00f3n<br>&#8211; Redes Sociales<br><br><strong>4. REGISTRA EL PROYECTO:<\/strong><br>Para esto necesitas:<br>&#8211; Cargar hasta tres im\u00e1genes y seleccionar una como imagen principal en formato PNG o JPG<br>&#8211; URL<br>&#8211; Inicio y final del proyecto<br>&#8211; Texto explicativos<br>&#8211; Redes Sociales (opcional)<br><br><strong>IMPORTANTE:<\/strong><br>Una vez completado el registro en la plataforma, para seguir cumplimentando la informaci\u00f3n en otro momento, tienes que acceder a la web a partir del siguiente enlace: <br><a href=\"https:\/\/bancodesaberesiberoamericano.org\/wp-admin\/\" target=\"_blank\" rel=\"noreferrer noopener\">https:\/\/bancodesaberesiberoamericano.org\/wp-admin\/<\/a><br>Una vez ah\u00ed, s\u00f3lo necesitas ingresar con los datos de usuario.<br><br><strong>Para dudas o consultas:<\/strong><br><a href=\"mailto:contacto@bancodesaberesiberoamericano.org\">contacto@bancodesaberesiberoamericano.org<\/a><\/p>\n","protected":false},"excerpt":{"rendered":"<p>1. REG\u00cdSTRATE:Recibir\u00e1s un correo electr\u00f3nico de confirmaci\u00f3n. 2. ENTRAR EN WORDPRESS ADMIN:Con los datos registrados accede al WordPress para compartir proyectos en el siguiente enlace:https:\/\/bancodesaberesiberoamericano.org\/wpadmin\/ Una vez dentro del ADMIN puedes crear proyectos e instituciones con las siguientes recomendaciones: 3. REGISTRA LA INSTITUCI\u00d3N:Registra la instituci\u00f3n o instituciones responsables del proyecto. Para esto necesitas:&#8211; Logo en [&hellip;]<\/p>\n","protected":false},"author":1,"featured_media":0,"parent":0,"menu_order":0,"comment_status":"closed","ping_status":"closed","template":"page-registrar-usuario.php","meta":{"_acf_changed":false,"footnotes":""},"class_list":["post-153","page","type-page","status-publish","hentry"],"acf":[],"_links":{"self":[{"href":"https:\/\/bancodesaberesiberoamericano.org\/es\/wp-json\/wp\/v2\/pages\/153","targetHints":{"allow":["GET"]}}],"collection":[{"href":"https:\/\/bancodesaberesiberoamericano.org\/es\/wp-json\/wp\/v2\/pages"}],"about":[{"href":"https:\/\/bancodesaberesiberoamericano.org\/es\/wp-json\/wp\/v2\/types\/page"}],"author":[{"embeddable":true,"href":"https:\/\/bancodesaberesiberoamericano.org\/es\/wp-json\/wp\/v2\/users\/1"}],"replies":[{"embeddable":true,"href":"https:\/\/bancodesaberesiberoamericano.org\/es\/wp-json\/wp\/v2\/comments?post=153"}],"version-history":[{"count":5,"href":"https:\/\/bancodesaberesiberoamericano.org\/es\/wp-json\/wp\/v2\/pages\/153\/revisions"}],"predecessor-version":[{"id":4558,"href":"https:\/\/bancodesaberesiberoamericano.org\/es\/wp-json\/wp\/v2\/pages\/153\/revisions\/4558"}],"wp:attachment":[{"href":"https:\/\/bancodesaberesiberoamericano.org\/es\/wp-json\/wp\/v2\/media?parent=153"}],"curies":[{"name":"wp","href":"https:\/\/api.w.org\/{rel}","templated":true}]}}