{"id":23,"date":"2021-10-26T14:16:55","date_gmt":"2021-10-26T17:16:55","guid":{"rendered":"https:\/\/www.ftdesignlab.com\/bsi\/?page_id=23"},"modified":"2025-04-01T12:39:42","modified_gmt":"2025-04-01T15:39:42","slug":"quienes-somos","status":"publish","type":"page","link":"https:\/\/bancodesaberesiberoamericano.org\/es\/quienes-somos\/","title":{"rendered":"Quienes somos"},"content":{"rendered":"\n<p>El <em>Banco de Saberes y Buenas Pr\u00e1cticas<\/em> del Espacio Cultural Iberoamericano es una <strong>plataforma virtual<\/strong><br>bilingu\u0308e y birregional que re\u00fane <strong>proyectos, tecnolog\u00edas sociales, experiencias y acciones culturales<\/strong><br>abierta a los programas e iniciativas de cooperaci\u00f3n cultural, agentes y organizaciones culturales. Se trata del primer Banco de Saberes y Buenas Pr\u00e1cticas que re\u00fane iniciativas y proyectos con el fin de preservar y difundir el patrimonio cultural material e inmaterial, activos y saberes culturales de Iberoam\u00e9rica. El rico acervo que re\u00fane este Banco se nutre principalmente de los diversos Programas de la Cooperaci\u00f3n cultural Iberoamericana.<\/p>\n\n\n\n<p>El Banco de Saberes y Buenas Pr\u00e1cticas surgi\u00f3 de la alianza entre tres programas del Espacio Cultural<br>Iberoamericano, vinculados a la Secretar\u00eda General Iberoamericana (SEGIB): <em>Ibermuseos, Ibercultura viva<\/em> e Iber-rutas. La base de datos de proyectos inicial se conform\u00f3 por iniciativas contempladas por ayudas concedidas por los programas asociados durante 2020 y 2021, y tambi\u00e9n en 2019, pero desarrollados en el contexto de la pandemia del COVID-19. En esa primera fase el Banco se centr\u00f3 en iniciativas vinculadas a patrimonio, migraci\u00f3n y cultura viva comunitaria, que son las \u00e1reas de trabajo de los tres programas fundadores. La plataforma est\u00e1 concebida para la participaci\u00f3n de todos los programas de la cooperaci\u00f3n cultural iberoamericana e iniciativas independientes de los pa\u00edses de la regi\u00f3n.<\/p>\n\n\n\n<p>Naci\u00f3 con el objetivo de <strong>promover el di\u00e1logo intercultural y poner en valor el papel de la cultura como<br>agente transformador y promotora de sociedades m\u00e1s justas<\/strong>. Se concibe como un instrumento de la<br>cooperaci\u00f3n iberoamericana y mecanismo de intercambio de experiencias sobre participaci\u00f3n ciudadana incluyente que tiene un impacto positivo en la calidad de vida de las personas, su salud mental y emocional.<\/p>\n\n\n\n<p>Se trata de un proyecto que se inscribe en el paradigma de la democracia cultural. As\u00ed, <strong>el banco es de libre acceso, autogestionado y disponible para que cualquier persona<\/strong>, desde cualquier pa\u00eds iberoamericano, pueda identificar las iniciativas en \u00e9l reunidas. Con un simple registro en l\u00ednea, cualquier persona, asociaci\u00f3n, colectivo cultural o programa de cooperaci\u00f3n iberoamericana puede publicar uno o m\u00e1s proyectos, aportando la informaci\u00f3n b\u00e1sica y recursos gr\u00e1ficos. Una vez revisada, la actividad ya estar\u00e1 visible en la plataforma, que cuenta con opciones de filtrado por pa\u00eds y tem\u00e1tica, adem\u00e1s de un mapa para ubicar geogr\u00e1ficamente cada una de las iniciativas.<\/p>\n\n\n\n<p>A partir de su lanzamiento el Banco pasar\u00e1 a estar permanentemente abierto a la inclusi\u00f3n de pr\u00e1cticas, de todo tipo, disciplina y formato, incluidas las interdisciplinares pasando a abarcar todas las \u00e1reas de inter\u00e9s de los Programas del Espacio Cultural Iberoamericano, as\u00ed como iniciativas independientes.<\/p>\n\n\n\n<p><\/p>\n","protected":false},"excerpt":{"rendered":"<p>El Banco de Saberes y Buenas Pr\u00e1cticas del Espacio Cultural Iberoamericano es una plataforma virtualbilingu\u0308e y birregional que re\u00fane proyectos, tecnolog\u00edas sociales, experiencias y acciones culturalesabierta a los programas e iniciativas de cooperaci\u00f3n cultural, agentes y organizaciones culturales. Se trata del primer Banco de Saberes y Buenas Pr\u00e1cticas que re\u00fane iniciativas y proyectos con el [&hellip;]<\/p>\n","protected":false},"author":1,"featured_media":0,"parent":0,"menu_order":0,"comment_status":"closed","ping_status":"closed","template":"page-quienes-somos.php","meta":{"_acf_changed":false,"footnotes":""},"class_list":["post-23","page","type-page","status-publish","hentry"],"acf":[],"_links":{"self":[{"href":"https:\/\/bancodesaberesiberoamericano.org\/es\/wp-json\/wp\/v2\/pages\/23","targetHints":{"allow":["GET"]}}],"collection":[{"href":"https:\/\/bancodesaberesiberoamericano.org\/es\/wp-json\/wp\/v2\/pages"}],"about":[{"href":"https:\/\/bancodesaberesiberoamericano.org\/es\/wp-json\/wp\/v2\/types\/page"}],"author":[{"embeddable":true,"href":"https:\/\/bancodesaberesiberoamericano.org\/es\/wp-json\/wp\/v2\/users\/1"}],"replies":[{"embeddable":true,"href":"https:\/\/bancodesaberesiberoamericano.org\/es\/wp-json\/wp\/v2\/comments?post=23"}],"version-history":[{"count":8,"href":"https:\/\/bancodesaberesiberoamericano.org\/es\/wp-json\/wp\/v2\/pages\/23\/revisions"}],"predecessor-version":[{"id":4281,"href":"https:\/\/bancodesaberesiberoamericano.org\/es\/wp-json\/wp\/v2\/pages\/23\/revisions\/4281"}],"wp:attachment":[{"href":"https:\/\/bancodesaberesiberoamericano.org\/es\/wp-json\/wp\/v2\/media?parent=23"}],"curies":[{"name":"wp","href":"https:\/\/api.w.org\/{rel}","templated":true}]}}