{"id":25,"date":"2021-10-26T22:03:02","date_gmt":"2021-10-27T01:03:02","guid":{"rendered":"https:\/\/www.ftdesignlab.com\/bsi\/?page_id=25"},"modified":"2025-05-22T12:14:04","modified_gmt":"2025-05-22T15:14:04","slug":"banco-de-proyectos","status":"publish","type":"page","link":"https:\/\/bancodesaberesiberoamericano.org\/es\/banco-de-proyectos\/","title":{"rendered":"Banco de proyectos"},"content":{"rendered":"\n<p>Los proyectos que conforman este repositorio consisten en buenas pr\u00e1cticas, tecnolog\u00edas sociales, acciones y experiencias que ponen en valor el papel de la cultura como agente transformador de condiciones e imaginarios, en la mejora de la calidad de vida de las personas, su salud mental y emocional, y a la vez, como promotora de sociedades m\u00e1s justas. <\/p>\n\n\n\n<p>Con diferentes perfiles y abordando tem\u00e1ticas variadas, est\u00e1n ubicados en diferentes partes de Iberoam\u00e9rica. <\/p>\n\n\n\n<p class=\"has-text-color has-link-color wp-elements-afc14fd89104e47be692f37a01cd13e0\" style=\"color:#0099af\">Busca por pa\u00eds, localidad o palabra-clave y conoce las propuestas.<\/p>\n\n\n\n<p><\/p>\n","protected":false},"excerpt":{"rendered":"<p>Los proyectos que conforman este repositorio consisten en buenas pr\u00e1cticas, tecnolog\u00edas sociales, acciones y experiencias que ponen en valor el papel de la cultura como agente transformador de condiciones e imaginarios, en la mejora de la calidad de vida de las personas, su salud mental y emocional, y a la vez, como promotora de sociedades [&hellip;]<\/p>\n","protected":false},"author":1,"featured_media":0,"parent":0,"menu_order":0,"comment_status":"closed","ping_status":"closed","template":"page-banco-de-proyectos.php","meta":{"_acf_changed":false,"footnotes":""},"class_list":["post-25","page","type-page","status-publish","hentry"],"acf":[],"_links":{"self":[{"href":"https:\/\/bancodesaberesiberoamericano.org\/es\/wp-json\/wp\/v2\/pages\/25","targetHints":{"allow":["GET"]}}],"collection":[{"href":"https:\/\/bancodesaberesiberoamericano.org\/es\/wp-json\/wp\/v2\/pages"}],"about":[{"href":"https:\/\/bancodesaberesiberoamericano.org\/es\/wp-json\/wp\/v2\/types\/page"}],"author":[{"embeddable":true,"href":"https:\/\/bancodesaberesiberoamericano.org\/es\/wp-json\/wp\/v2\/users\/1"}],"replies":[{"embeddable":true,"href":"https:\/\/bancodesaberesiberoamericano.org\/es\/wp-json\/wp\/v2\/comments?post=25"}],"version-history":[{"count":3,"href":"https:\/\/bancodesaberesiberoamericano.org\/es\/wp-json\/wp\/v2\/pages\/25\/revisions"}],"predecessor-version":[{"id":4346,"href":"https:\/\/bancodesaberesiberoamericano.org\/es\/wp-json\/wp\/v2\/pages\/25\/revisions\/4346"}],"wp:attachment":[{"href":"https:\/\/bancodesaberesiberoamericano.org\/es\/wp-json\/wp\/v2\/media?parent=25"}],"curies":[{"name":"wp","href":"https:\/\/api.w.org\/{rel}","templated":true}]}}