{"id":27,"date":"2021-10-26T22:29:14","date_gmt":"2021-10-27T01:29:14","guid":{"rendered":"https:\/\/www.ftdesignlab.com\/bsi\/?page_id=27"},"modified":"2025-07-24T09:07:04","modified_gmt":"2025-07-24T12:07:04","slug":"banco-de-instituciones","status":"publish","type":"page","link":"https:\/\/bancodesaberesiberoamericano.org\/es\/banco-de-instituciones\/","title":{"rendered":"Banco de Instituciones"},"content":{"rendered":"\n<p>Cada proyecto de este repositorio est\u00e1 vinculado a los Programas e Iniciativas de la cooperaci\u00f3n cultural iberoamericana, otras instituciones y redes iberoamericanas.<\/p>\n\n\n\n<p class=\"has-text-color has-link-color wp-elements-c547c98280d315e1a1f7ce355fd7c82e\" style=\"color:#0099af\">Busca por pa\u00eds o localidad para conocerlas.<\/p>\n","protected":false},"excerpt":{"rendered":"<p>Cada proyecto de este repositorio est\u00e1 vinculado a los Programas e Iniciativas de la cooperaci\u00f3n cultural iberoamericana, otras instituciones y redes iberoamericanas. Busca por pa\u00eds o localidad para conocerlas.<\/p>\n","protected":false},"author":1,"featured_media":0,"parent":0,"menu_order":0,"comment_status":"closed","ping_status":"closed","template":"page-banco-de-instituciones.php","meta":{"_acf_changed":false,"footnotes":""},"class_list":["post-27","page","type-page","status-publish","hentry"],"acf":[],"_links":{"self":[{"href":"https:\/\/bancodesaberesiberoamericano.org\/es\/wp-json\/wp\/v2\/pages\/27","targetHints":{"allow":["GET"]}}],"collection":[{"href":"https:\/\/bancodesaberesiberoamericano.org\/es\/wp-json\/wp\/v2\/pages"}],"about":[{"href":"https:\/\/bancodesaberesiberoamericano.org\/es\/wp-json\/wp\/v2\/types\/page"}],"author":[{"embeddable":true,"href":"https:\/\/bancodesaberesiberoamericano.org\/es\/wp-json\/wp\/v2\/users\/1"}],"replies":[{"embeddable":true,"href":"https:\/\/bancodesaberesiberoamericano.org\/es\/wp-json\/wp\/v2\/comments?post=27"}],"version-history":[{"count":5,"href":"https:\/\/bancodesaberesiberoamericano.org\/es\/wp-json\/wp\/v2\/pages\/27\/revisions"}],"predecessor-version":[{"id":4498,"href":"https:\/\/bancodesaberesiberoamericano.org\/es\/wp-json\/wp\/v2\/pages\/27\/revisions\/4498"}],"wp:attachment":[{"href":"https:\/\/bancodesaberesiberoamericano.org\/es\/wp-json\/wp\/v2\/media?parent=27"}],"curies":[{"name":"wp","href":"https:\/\/api.w.org\/{rel}","templated":true}]}}