{"id":153,"date":"2021-11-10T16:29:36","date_gmt":"2021-11-10T19:29:36","guid":{"rendered":"https:\/\/www.ftdesignlab.com\/bsi\/?page_id=153"},"modified":"2025-08-04T06:31:36","modified_gmt":"2025-08-04T09:31:36","slug":"registrar-usuario","status":"publish","type":"page","link":"https:\/\/bancodesaberesiberoamericano.org\/pt\/registrar-usuario\/","title":{"rendered":"Cadastrar usu\u00e1rio"},"content":{"rendered":"<p><strong>1.\tCADASTRE-SE:<\/strong><br>Voc\u00ea receber\u00e1 um e-mail de confirma\u00e7\u00e3o.<br><br><strong>2.\tENTRAR NO WORDPRESS ADMIN:<\/strong><br>Com os dados cadastrados, acesse o Wordpress para compartilhar projetos no seguinte link:<br><a href=\"https:\/\/bancodesaberesiberoamericano.org\/pt\/wpadmin\/\">https:\/\/bancodesaberesiberoamericano.org\/wpadmin\/<\/a><br><br>Uma vez dentro do ADMIN, voc\u00ea pode criar projetos e institui\u00e7\u00f5es com as seguintes recomenda\u00e7\u00f5es:<br><br><strong>3.\tREGISTRE A INSTITUI\u00c7\u00c3O:<\/strong><br>Registre a institui\u00e7\u00e3o ou institui\u00e7\u00f5es respons\u00e1veis pelo projeto. <br>Para isso, voc\u00ea precisa:<br>\u2013 Logo em formato PNG ou JPG<br>\u2013 \uf02d\tURL da institui\u00e7\u00e3o<br>\u2013 Redes Sociais<br><br><strong>4. REGISTRE O PROJETO:<\/strong><br>Para isso, voc\u00ea precisa:<br>\u2013 Carregar at\u00e9 tr\u00eas imagens e selecionar uma como imagem principal em formato PNG ou JPG<br>\u2013 URL<br>\u2013 In\u00edcio e t\u00e9rmino do projeto<br>\u2013 Textos explicativos<br>\u2013 Redes Sociais (opcional)<br><br><strong>IMPORTANTE:<\/strong><br>Uma vez conclu\u00eddo o cadastro na plataforma, para continuar preenchendo as informa\u00e7\u00f5es em outro momento, voc\u00ea deve acessar o site pelo seguinte link: <br><a href=\"https:\/\/bancodesaberesiberoamericano.org\/wp-admin\/\" target=\"_blank\" rel=\"noreferrer noopener\">https:\/\/bancodesaberesiberoamericano.org\/wp-admin\/<\/a><br>Uma vez l\u00e1, basta entrar com seus dados de usu\u00e1rio.<br><br><strong>Para d\u00favidas ou consultas:<\/strong><br><a href=\"\/pt\/contacto@bancodesaberesiberoamericano.org\/\">contacto@bancodesaberesiberoamericano.org<\/a><\/p>","protected":false},"excerpt":{"rendered":"<p>1. REG\u00cdSTRATE:Recibir\u00e1s un correo electr\u00f3nico de confirmaci\u00f3n. 2. ENTRAR EN WORDPRESS ADMIN:Con los datos registrados accede al WordPress para compartir proyectos en el siguiente enlace:https:\/\/bancodesaberesiberoamericano.org\/wpadmin\/ Una vez dentro del ADMIN puedes crear proyectos e instituciones con las siguientes recomendaciones: 3. REGISTRA LA INSTITUCI\u00d3N:Registra la instituci\u00f3n o instituciones responsables del proyecto. Para esto necesitas:&#8211; Logo en [&hellip;]<\/p>\n","protected":false},"author":1,"featured_media":0,"parent":0,"menu_order":0,"comment_status":"closed","ping_status":"closed","template":"page-registrar-usuario.php","meta":{"_acf_changed":false,"footnotes":""},"class_list":["post-153","page","type-page","status-publish","hentry"],"acf":[],"_links":{"self":[{"href":"https:\/\/bancodesaberesiberoamericano.org\/pt\/wp-json\/wp\/v2\/pages\/153","targetHints":{"allow":["GET"]}}],"collection":[{"href":"https:\/\/bancodesaberesiberoamericano.org\/pt\/wp-json\/wp\/v2\/pages"}],"about":[{"href":"https:\/\/bancodesaberesiberoamericano.org\/pt\/wp-json\/wp\/v2\/types\/page"}],"author":[{"embeddable":true,"href":"https:\/\/bancodesaberesiberoamericano.org\/pt\/wp-json\/wp\/v2\/users\/1"}],"replies":[{"embeddable":true,"href":"https:\/\/bancodesaberesiberoamericano.org\/pt\/wp-json\/wp\/v2\/comments?post=153"}],"version-history":[{"count":5,"href":"https:\/\/bancodesaberesiberoamericano.org\/pt\/wp-json\/wp\/v2\/pages\/153\/revisions"}],"predecessor-version":[{"id":4558,"href":"https:\/\/bancodesaberesiberoamericano.org\/pt\/wp-json\/wp\/v2\/pages\/153\/revisions\/4558"}],"wp:attachment":[{"href":"https:\/\/bancodesaberesiberoamericano.org\/pt\/wp-json\/wp\/v2\/media?parent=153"}],"curies":[{"name":"wp","href":"https:\/\/api.w.org\/{rel}","templated":true}]}}