{"id":23,"date":"2021-10-26T14:16:55","date_gmt":"2021-10-26T17:16:55","guid":{"rendered":"https:\/\/www.ftdesignlab.com\/bsi\/?page_id=23"},"modified":"2025-04-01T12:39:42","modified_gmt":"2025-04-01T15:39:42","slug":"quienes-somos","status":"publish","type":"page","link":"https:\/\/bancodesaberesiberoamericano.org\/pt\/quienes-somos\/","title":{"rendered":"Quienes somos"},"content":{"rendered":"<p class=\"translation-block\">O Banco de Saberes e Boas Pr\u00e1ticas do Espa\u00e7o Cultural Ibero-Americano \u00e9 uma plataforma virtual bil\u00edngue e birregional que re\u00fane projetos, tecnologias sociais, experi\u00eancias e a\u00e7\u00f5es culturais aberta aos programas e iniciativas de coopera\u00e7\u00e3o cultural, agentes e organiza\u00e7\u00f5es culturais. \u00c9 o primeiro Banco de Saberes e Boas Pr\u00e1ticas que re\u00fane iniciativas e projetos com o objetivo de preservar e difundir o patrim\u00f4nio cultural material e imaterial, ativos e saberes culturais da Ibero-Am\u00e9rica. O rico acervo reunido por este Banco \u00e9 alimentado principalmente pelos diversos Programas da Coopera\u00e7\u00e3o Cultural Ibero-Americana.<\/p>\n\n\n\n<p class=\"translation-block\">O Banco de Saberes e Boas Pr\u00e1ticas surgiu da alian\u00e7a entre tr\u00eas programas do Espa\u00e7o Cultural Ibero-americano, vinculados \u00e0 Secretaria-Geral Ibero-Americana (SEGIB): Ibermuseus, Ibercultura Viva e Iber-rotas. A base de dados inicial de projetos foi formada por iniciativas contempladas com apoios concedidos pelos programas associados durante 2020 e 2021, e tamb\u00e9m em 2019, mas desenvolvidas no contexto da pandemia de COVID-19. Nessa primeira fase, o Banco concentrou-se em iniciativas relacionadas ao patrim\u00f4nio, migra\u00e7\u00e3o e cultura viva comunit\u00e1ria, que s\u00e3o as \u00e1reas de atua\u00e7\u00e3o dos tr\u00eas programas fundadores. A plataforma foi concebida para a participa\u00e7\u00e3o de todos os programas da coopera\u00e7\u00e3o cultural ibero-americana e de iniciativas independentes dos pa\u00edses da regi\u00e3o.<\/p>\n\n\n\n<p class=\"translation-block\">Nasceu com o objetivo de promover o di\u00e1logo intercultural e valorizar o papel da cultura como agente transformador e promotora de sociedades mais justas. \u00c9 concebido como um instrumento da coopera\u00e7\u00e3o ibero-americana e um mecanismo de interc\u00e2mbio de experi\u00eancias sobre participa\u00e7\u00e3o cidad\u00e3 inclusiva, que tem impacto positivo na qualidade de vida das pessoas, em sua sa\u00fade mental e emocional.<\/p>\n\n\n\n<p class=\"translation-block\">Trata-se de um projeto inserido no paradigma da democracia cultural. Assim, o banco \u00e9 de livre acesso, autogerido e dispon\u00edvel para que qualquer pessoa, de qualquer pa\u00eds ibero-americano, possa identificar as iniciativas nele reunidas. Com um simples cadastro online, qualquer pessoa, associa\u00e7\u00e3o, coletivo cultural ou programa de coopera\u00e7\u00e3o ibero-americana pode publicar um ou mais projetos, fornecendo as informa\u00e7\u00f5es b\u00e1sicas e recursos gr\u00e1ficos. Uma vez revisada, a atividade j\u00e1 estar\u00e1 vis\u00edvel na plataforma, que conta com op\u00e7\u00f5es de filtragem por pa\u00eds e tem\u00e1tica, al\u00e9m de um mapa para localizar geograficamente cada uma das iniciativas.<\/p>\n\n\n\n<p>A partir do seu lan\u00e7amento, o Banco passar\u00e1 a estar permanentemente aberto \u00e0 inclus\u00e3o de pr\u00e1ticas de todo tipo, disciplina e formato, incluindo as interdisciplinares, passando a abranger todas as \u00e1reas de interesse dos Programas do Espa\u00e7o Cultural Ibero-americano, assim como iniciativas independentes.<\/p>\n\n\n\n<p><\/p>","protected":false},"excerpt":{"rendered":"<p>El Banco de Saberes y Buenas Pr\u00e1cticas del Espacio Cultural Iberoamericano es una plataforma virtualbilingu\u0308e y birregional que re\u00fane proyectos, tecnolog\u00edas sociales, experiencias y acciones culturalesabierta a los programas e iniciativas de cooperaci\u00f3n cultural, agentes y organizaciones culturales. Se trata del primer Banco de Saberes y Buenas Pr\u00e1cticas que re\u00fane iniciativas y proyectos con el [&hellip;]<\/p>\n","protected":false},"author":1,"featured_media":0,"parent":0,"menu_order":0,"comment_status":"closed","ping_status":"closed","template":"page-quienes-somos.php","meta":{"_acf_changed":false,"footnotes":""},"class_list":["post-23","page","type-page","status-publish","hentry"],"acf":[],"_links":{"self":[{"href":"https:\/\/bancodesaberesiberoamericano.org\/pt\/wp-json\/wp\/v2\/pages\/23","targetHints":{"allow":["GET"]}}],"collection":[{"href":"https:\/\/bancodesaberesiberoamericano.org\/pt\/wp-json\/wp\/v2\/pages"}],"about":[{"href":"https:\/\/bancodesaberesiberoamericano.org\/pt\/wp-json\/wp\/v2\/types\/page"}],"author":[{"embeddable":true,"href":"https:\/\/bancodesaberesiberoamericano.org\/pt\/wp-json\/wp\/v2\/users\/1"}],"replies":[{"embeddable":true,"href":"https:\/\/bancodesaberesiberoamericano.org\/pt\/wp-json\/wp\/v2\/comments?post=23"}],"version-history":[{"count":8,"href":"https:\/\/bancodesaberesiberoamericano.org\/pt\/wp-json\/wp\/v2\/pages\/23\/revisions"}],"predecessor-version":[{"id":4281,"href":"https:\/\/bancodesaberesiberoamericano.org\/pt\/wp-json\/wp\/v2\/pages\/23\/revisions\/4281"}],"wp:attachment":[{"href":"https:\/\/bancodesaberesiberoamericano.org\/pt\/wp-json\/wp\/v2\/media?parent=23"}],"curies":[{"name":"wp","href":"https:\/\/api.w.org\/{rel}","templated":true}]}}