{"id":4444,"date":"2025-07-18T05:12:08","date_gmt":"2025-07-18T08:12:08","guid":{"rendered":"https:\/\/www.ftdesignlab.com\/bsi\/?page_id=4444"},"modified":"2025-07-18T05:12:09","modified_gmt":"2025-07-18T08:12:09","slug":"aviso-legal","status":"publish","type":"page","link":"https:\/\/bancodesaberesiberoamericano.org\/pt\/aviso-legal\/","title":{"rendered":"Aviso legal"},"content":{"rendered":"<p><strong>Condiciones<\/strong><\/p>\n\n\n\n<p>La utilizaci\u00f3n de este sitio entra\u00f1a la aceptaci\u00f3n de las siguientes condiciones:<\/p>\n\n\n\n<h2 class=\"wp-block-heading\">01<\/h2>\n\n\n\n<p>La Secretar\u00eda General Iberoamericana mantiene este sitio en la Web (el \u00absitio\u00bb) en atenci\u00f3n a quienes deseen acceder a \u00e9l (los \u00abusuarios\u00bb). La informaci\u00f3n aqu\u00ed presentada tiene fines exclusivamente informativos. La Secretar\u00eda General Iberoamericana autoriza a los usuarios a visitar el sitio y a descargar y copiar la informaci\u00f3n, los documentos y los materiales (denominados colectivamente \u00abmateriales\u00bb) que contiene para su uso personal y no comercial, sin derecho alguno a revenderlos o distribuirlos ni a preparar compilaciones o trabajos derivados de ellos, con sujeci\u00f3n a las condiciones expuestas a continuaci\u00f3n, as\u00ed como a las restricciones de car\u00e1cter m\u00e1s espec\u00edfico que puedan aplicarse a determinados materiales incluidos en este sitio.<\/p>\n\n\n\n<h2 class=\"wp-block-heading\">02<\/h2>\n\n\n\n<p>La Secretar\u00eda General Iberoamericana administra este sitio. Todos los materiales de la Secretar\u00eda que aparezcan en \u00e9l estar\u00e1n sujetos a las presentes Condiciones.<\/p>\n\n\n\n<h2 class=\"wp-block-heading\">03<\/h2>\n\n\n\n<p>A menos que se indique expl\u00edcitamente lo contrario, las interpretaciones y conclusiones expresadas en los materiales que figuran en este sitio ser\u00e1n los de los diversos funcionarios, consultores y asesores de la Secretar\u00eda General Iberoamericana que hayan preparado el trabajo y no representar\u00e1n necesariamente las opiniones de la Secretar\u00eda o sus Estados Miembros.<\/p>\n\n\n\n<h2 class=\"wp-block-heading\">04<\/h2>\n\n\n\n<p>Las opiniones expresadas en art\u00edculos, documentos acad\u00e9micos, foros o listas de correo proporcionadas por este sitio web pertenecen al autor o firmante de los mismos, y no necesariamente reflejan las opiniones de la Secretar\u00eda General Iberoamericana.<\/p>\n\n\n\n<h2 class=\"wp-block-heading\">05<\/h2>\n\n\n\n<p>Los textos publicados que se muestran se ofrecen con finalidad informativa o divulgativa. La Secretar\u00eda General Iberoamericana buscar\u00e1 asegurar la actualidad, exactitud y veracidad, pero no asume responsabilidad alguna por los posibles da\u00f1os causados por cualquier inexactitud en los mismos.<\/p>\n\n\n\n<p><strong>Descargos de responsabilidad<\/strong><\/p>\n\n\n\n<p>Los materiales publicados en este sitio se proporcionan tal como aqu\u00ed aparecen y sin ning\u00fan tipo de garant\u00eda, ya sea expl\u00edcita o impl\u00edcita, incluidas, pero sin limitarse a ellas, las garant\u00edas de la calidad comercial, utilidad para determinado prop\u00f3sito y protecci\u00f3n contra infracciones.<\/p>\n\n\n\n<p>En particular, la Secretar\u00eda General Iberoamericana no da garant\u00edas ni responde de que dichos materiales sean exactos o completos. La Secretar\u00eda General Iberoamericana ampl\u00eda, modifica, mejora o actualiza peri\u00f3dicamente los materiales contenidos en este sitio sin previo aviso.<\/p>\n\n\n\n<p>Bajo ninguna circunstancia la Secretar\u00eda General Iberoamericana ser\u00e1 responsable de las p\u00e9rdidas, los da\u00f1os, las obligaciones o los gastos presuntamente derivados de la utilizaci\u00f3n de este sitio, incluidos, pero sin limitarse a ellos, los fallos, errores, omisiones, interrupciones o demoras relacionados con dichos materiales.<\/p>\n\n\n\n<p>Los usuarios utilizan este sitio por su cuenta y riesgo. En ning\u00fan caso, incluida la negligencia pero sin limitarse a ella, la Secretar\u00eda General Iberoamericana y sus afiliados ser\u00e1n responsables de da\u00f1os directos, indirectos, incidentales, cuantificables o consecuentes, aun cuando se les haya advertido de la posibilidad de tales da\u00f1os.<\/p>\n\n\n\n<p>El usuario reconoce y acepta espec\u00edficamente que la Secretar\u00eda General Iberoamericana no es responsable de los actos de ning\u00fan usuario.<\/p>\n\n\n\n<p>Este sitio puede contener sugerencias, opiniones y declaraciones procedentes de diversas fuentes de informaci\u00f3n. La Secretar\u00eda General Iberoamericana no garantiza ni respalda la exactitud o fiabilidad de las sugerencias, opiniones, declaraciones u otras informaciones provenientes de ninguna fuente de informaci\u00f3n, ning\u00fan usuario de este sitio o cualquier otra persona o entidad. La aceptaci\u00f3n por un usuario de tales sugerencias, opiniones, declaraciones o informaciones ser\u00e1 tambi\u00e9n por su cuenta y riesgo. Ni la Secretar\u00eda General Iberoamericana ni sus afiliados o cualquiera de sus respectivos agentes, empleados, fuentes de informaci\u00f3n o suministradores de contenido ser\u00e1n responsables ante los usuarios o cualquier otra persona de las inexactitudes, errores, omisiones, interrupciones, supresiones, defectos, alteraciones o utilizaciones de cualquier contenido del sitio o por el momento o el grado en que se produzcan; tampoco ser\u00e1n responsables de las fallas de funcionamiento, los virus inform\u00e1ticos o las interrupciones de la comunicaci\u00f3n, independientemente de su causa, ni por cualesquiera da\u00f1os que de ello se deriven.<\/p>\n\n\n\n<p>La utilizaci\u00f3n de este sitio por el usuario estar\u00e1 sujeta a la aceptaci\u00f3n por este \u00faltimo de la condici\u00f3n de indemnizar a la Secretar\u00eda General Iberoamericana y a sus afiliados por cualesquiera acciones, reclamaciones, p\u00e9rdidas, da\u00f1os, obligaciones y gastos (incluida una suma razonable por concepto de honorarios de abogados) que se deriven de dicha utilizaci\u00f3n, incluidas, sin l\u00edmite alguno, las reclamaciones en que se aleguen hechos que, de ser ciertos, constituir\u00edan un incumplimiento por el usuario de las presentes Condiciones. Si el usuario no estuviera conforme con alguno de los materiales presentados en este sitio o con alguna de las condiciones de utilizaci\u00f3n, el \u00fanico remedio a que podr\u00eda recurrir ser\u00eda dejar de utilizar el sitio.<\/p>\n\n\n\n<p>Este sitio puede contener enlaces y referencias a sitios de terceros en la Web. Estos sitios no se encuentran bajo el control de la Secretar\u00eda General Iberoamericana y la Secretar\u00eda no es responsable de su contenido ni de los enlaces que puedan figurar en ellos. La Secretar\u00eda General Iberoamericana proporciona estos enlaces s\u00f3lo como servicio complementario, y la inclusi\u00f3n de un enlace o referencia no significa que la Secretar\u00eda respalde el sitio en cuesti\u00f3n.<\/p>\n\n\n\n<p><strong>Preservaci\u00f3n de inmunidades<\/strong><\/p>\n\n\n\n<p>Nada de lo dispuesto en las presentes Condiciones se considerar\u00e1 una limitaci\u00f3n de las prerrogativas e inmunidades de la Secretar\u00eda General Iberoamericana o una renuncia a ellas, que est\u00e1n reservadas espec\u00edficamente.<\/p>\n\n\n\n<p><strong>Aspectos generales<\/strong><\/p>\n\n\n\n<p>La Secretar\u00eda General Iberoamericana se reserva el derecho exclusivo de modificar, limitar o suspender a su discreci\u00f3n este sitio o cualquiera de los materiales contenidos en \u00e9l en cualquier sentido. La Secretar\u00eda General Iberoamericana no est\u00e1 obligada a tomar en consideraci\u00f3n las necesidades de ning\u00fan usuario para adoptar tales medidas.<\/p>\n\n\n\n<p>La Secretar\u00eda General Iberoamericana se reserva el derecho de denegar a su entera discreci\u00f3n y sin previo aviso el acceso de cualquier usuario a este sitio o a cualquiera de sus componentes.<\/p>\n\n\n\n<p>Ninguna dispensa por la Secretar\u00eda General Iberoamericana de cualquiera de las disposiciones de las presentes Condiciones ser\u00e1 vinculante a menos que se enuncie por escrito y sea firmada por un representante de la Secretar\u00eda debidamente autorizado.<\/p>","protected":false},"excerpt":{"rendered":"<p>Condiciones La utilizaci\u00f3n de este sitio entra\u00f1a la aceptaci\u00f3n de las siguientes condiciones: 01 La Secretar\u00eda General Iberoamericana mantiene este sitio en la Web (el \u00absitio\u00bb) en atenci\u00f3n a quienes deseen acceder a \u00e9l (los \u00abusuarios\u00bb). La informaci\u00f3n aqu\u00ed presentada tiene fines exclusivamente informativos. La Secretar\u00eda General Iberoamericana autoriza a los usuarios a visitar el [&hellip;]<\/p>\n","protected":false},"author":38,"featured_media":0,"parent":0,"menu_order":0,"comment_status":"closed","ping_status":"closed","template":"","meta":{"_acf_changed":false,"footnotes":""},"class_list":["post-4444","page","type-page","status-publish","hentry"],"acf":[],"_links":{"self":[{"href":"https:\/\/bancodesaberesiberoamericano.org\/pt\/wp-json\/wp\/v2\/pages\/4444","targetHints":{"allow":["GET"]}}],"collection":[{"href":"https:\/\/bancodesaberesiberoamericano.org\/pt\/wp-json\/wp\/v2\/pages"}],"about":[{"href":"https:\/\/bancodesaberesiberoamericano.org\/pt\/wp-json\/wp\/v2\/types\/page"}],"author":[{"embeddable":true,"href":"https:\/\/bancodesaberesiberoamericano.org\/pt\/wp-json\/wp\/v2\/users\/38"}],"replies":[{"embeddable":true,"href":"https:\/\/bancodesaberesiberoamericano.org\/pt\/wp-json\/wp\/v2\/comments?post=4444"}],"version-history":[{"count":1,"href":"https:\/\/bancodesaberesiberoamericano.org\/pt\/wp-json\/wp\/v2\/pages\/4444\/revisions"}],"predecessor-version":[{"id":4445,"href":"https:\/\/bancodesaberesiberoamericano.org\/pt\/wp-json\/wp\/v2\/pages\/4444\/revisions\/4445"}],"wp:attachment":[{"href":"https:\/\/bancodesaberesiberoamericano.org\/pt\/wp-json\/wp\/v2\/media?parent=4444"}],"curies":[{"name":"wp","href":"https:\/\/api.w.org\/{rel}","templated":true}]}}